{"id":457,"date":"2012-12-17T15:39:10","date_gmt":"2012-12-17T14:39:10","guid":{"rendered":"http:\/\/francisdelariviere.be\/?page_id=457"},"modified":"2012-12-17T15:39:10","modified_gmt":"2012-12-17T14:39:10","slug":"ceramique","status":"publish","type":"page","link":"https:\/\/francisdelariviere.be\/?page_id=457","title":{"rendered":"Travaux divers"},"content":{"rendered":"<p>Quelques travaux r\u00e9alis\u00e9s au fil du temps dans diff\u00e9rentes disciplines<\/p>\n","protected":false},"excerpt":{"rendered":"<p>Quelques travaux r\u00e9alis\u00e9s au fil du temps dans diff\u00e9rentes disciplines<\/p>\n","protected":false},"author":1,"featured_media":0,"parent":0,"menu_order":0,"comment_status":"closed","ping_status":"closed","template":"","meta":[],"_links":{"self":[{"href":"https:\/\/francisdelariviere.be\/index.php?rest_route=\/wp\/v2\/pages\/457"}],"collection":[{"href":"https:\/\/francisdelariviere.be\/index.php?rest_route=\/wp\/v2\/pages"}],"about":[{"href":"https:\/\/francisdelariviere.be\/index.php?rest_route=\/wp\/v2\/types\/page"}],"author":[{"embeddable":true,"href":"https:\/\/francisdelariviere.be\/index.php?rest_route=\/wp\/v2\/users\/1"}],"replies":[{"embeddable":true,"href":"https:\/\/francisdelariviere.be\/index.php?rest_route=%2Fwp%2Fv2%2Fcomments&post=457"}],"version-history":[{"count":0,"href":"https:\/\/francisdelariviere.be\/index.php?rest_route=\/wp\/v2\/pages\/457\/revisions"}],"wp:attachment":[{"href":"https:\/\/francisdelariviere.be\/index.php?rest_route=%2Fwp%2Fv2%2Fmedia&parent=457"}],"curies":[{"name":"wp","href":"https:\/\/api.w.org\/{rel}","templated":true}]}}