{"id":422,"date":"2012-11-26T15:33:22","date_gmt":"2012-11-26T14:33:22","guid":{"rendered":"http:\/\/francisdelariviere.be\/?page_id=422"},"modified":"2012-11-26T15:33:22","modified_gmt":"2012-11-26T14:33:22","slug":"perou","status":"publish","type":"page","link":"https:\/\/francisdelariviere.be\/?page_id=422","title":{"rendered":"P\u00e9rou"},"content":{"rendered":"<p>Jorge de Villar Dille est un excellent ami. Il est pr\u00eatre missionnaire au P\u00e9rou. Plus pr\u00e9cis\u00e9ment dans l\u2019Apurimac, dans un ancien village minier. Etant donn\u00e9 les besoins \u00e9normes des populations locales, j\u2019ai introduit cette galerie pour vous faire part de sa vie l\u00e0-bas.<br \/>\nEt j\u2019esp\u00e8re par ce biais pouvoir l\u2019aider dans sa mission (jeunesse en difficult\u00e9, anciens n\u00e9cessiteux, probl\u00e8mes locaux dus aux intemp\u00e9ries, \u2026)<\/p>\n","protected":false},"excerpt":{"rendered":"<p>Jorge de Villar Dille est un excellent ami. Il est pr\u00eatre missionnaire au P\u00e9rou. Plus pr\u00e9cis\u00e9ment dans l\u2019Apurimac, dans un ancien village minier. Etant donn\u00e9 les besoins \u00e9normes des populations locales, j\u2019ai introduit cette galerie pour vous faire part de sa vie l\u00e0-bas. Et j\u2019esp\u00e8re par ce biais pouvoir l\u2019aider dans sa mission (jeunesse en [&hellip;]<\/p>\n","protected":false},"author":1,"featured_media":0,"parent":0,"menu_order":0,"comment_status":"closed","ping_status":"closed","template":"","meta":[],"_links":{"self":[{"href":"https:\/\/francisdelariviere.be\/index.php?rest_route=\/wp\/v2\/pages\/422"}],"collection":[{"href":"https:\/\/francisdelariviere.be\/index.php?rest_route=\/wp\/v2\/pages"}],"about":[{"href":"https:\/\/francisdelariviere.be\/index.php?rest_route=\/wp\/v2\/types\/page"}],"author":[{"embeddable":true,"href":"https:\/\/francisdelariviere.be\/index.php?rest_route=\/wp\/v2\/users\/1"}],"replies":[{"embeddable":true,"href":"https:\/\/francisdelariviere.be\/index.php?rest_route=%2Fwp%2Fv2%2Fcomments&post=422"}],"version-history":[{"count":0,"href":"https:\/\/francisdelariviere.be\/index.php?rest_route=\/wp\/v2\/pages\/422\/revisions"}],"wp:attachment":[{"href":"https:\/\/francisdelariviere.be\/index.php?rest_route=%2Fwp%2Fv2%2Fmedia&parent=422"}],"curies":[{"name":"wp","href":"https:\/\/api.w.org\/{rel}","templated":true}]}}