{"id":25,"date":"2012-10-29T15:29:59","date_gmt":"2012-10-29T14:29:59","guid":{"rendered":"http:\/\/francisdelariviere.be\/?page_id=25"},"modified":"2012-10-29T15:29:59","modified_gmt":"2012-10-29T14:29:59","slug":"mon-travail","status":"publish","type":"page","link":"https:\/\/francisdelariviere.be\/?page_id=25","title":{"rendered":"Iconographie"},"content":{"rendered":"<p>Initi\u00e9 aux ic\u00f4nes lors d\u2019une session dirig\u00e9e par le P\u00e8re Dominique DUPIRE, \u00e0 la \u00ab\u00a0Maison de Pri\u00e8re\u00a0\u00bb \u00e0 Herne en Belgique, je suis entr\u00e9 peu \u00e0 peu dans le monde des Ic\u00f4nes.<\/p>\n<p>J\u2019ai particip\u00e9 \u00e0 l\u2019 \u00ab\u00a0Atelier Saint S\u00e9raphim de Sarov\u00a0\u00bb \u00e0 l\u2019Ev\u00each\u00e9 de Li\u00e8ge.<br \/>\nJ\u2019ai \u00e9galement suivi une session avec le Pr\u00eatre orthodoxe\u00a0 \u00ab\u00a0P\u00e8re Chrysostome\u00a0\u00bb \u00e0 l\u2019Abbaye de Tongerlo.<br \/>\nJe donne actuellement un cours d\u2019iconographie \u00e0 Frasnes-lez-Anvaing \u00e0 l\u2019 \u00ab\u00a0Espace A. Marescaux\u00a0\u00bb.<br \/>\nJe dispose chez moi d\u2019un atelier que je consacre principalement aux ic\u00f4nes. J\u2019y fait des copies d&#8217;ic\u00f4nes anciennes dans la m\u00e9thode traditionnelle de la TEMPERA.<br \/>\nJe r\u00e9alise aussi quelques \u00ab\u00a0Portraits\u00a0\u00bb de Saints Catholiques\u00a0; ce qui n\u2019est pas consid\u00e9r\u00e9 par les Orthodoxes eux-m\u00eames comme des Ic\u00f4nes proprement dites\u2026<br \/>\nCependant, pour faire ce travail, je respecte la tradition orthodoxe et je consid\u00e8re qu\u2019 il s\u2019agit d\u2019un \u00ab\u00a0pas\u00a0\u00bb vers une attitude plus \u0152cum\u00e9nique\u2026<\/p>\n<p><a href=\"http:\/\/francisdelariviere.be\/wp-content\/uploads\/2012\/10\/jp-desrt.jpg\"><img loading=\"lazy\" class=\"aligncenter size-full wp-image-1340\" title=\"Saint Jean-Baptiste au d\u00e9sert\" src=\"http:\/\/francisdelariviere.be\/wp-content\/uploads\/2012\/10\/jp-desrt.jpg\" alt=\"\" width=\"512\" height=\"614\" \/><\/a><\/p>\n<p>&nbsp;<\/p>\n<p>&nbsp;<\/p>\n","protected":false},"excerpt":{"rendered":"<p>Initi\u00e9 aux ic\u00f4nes lors d\u2019une session dirig\u00e9e par le P\u00e8re Dominique DUPIRE, \u00e0 la \u00ab\u00a0Maison de Pri\u00e8re\u00a0\u00bb \u00e0 Herne en Belgique, je suis entr\u00e9 peu \u00e0 peu dans le monde des Ic\u00f4nes. J\u2019ai particip\u00e9 \u00e0 l\u2019 \u00ab\u00a0Atelier Saint S\u00e9raphim de Sarov\u00a0\u00bb \u00e0 l\u2019Ev\u00each\u00e9 de Li\u00e8ge. J\u2019ai \u00e9galement suivi une session avec le Pr\u00eatre orthodoxe\u00a0 \u00ab\u00a0P\u00e8re [&hellip;]<\/p>\n","protected":false},"author":1,"featured_media":1336,"parent":0,"menu_order":0,"comment_status":"open","ping_status":"open","template":"","meta":[],"_links":{"self":[{"href":"https:\/\/francisdelariviere.be\/index.php?rest_route=\/wp\/v2\/pages\/25"}],"collection":[{"href":"https:\/\/francisdelariviere.be\/index.php?rest_route=\/wp\/v2\/pages"}],"about":[{"href":"https:\/\/francisdelariviere.be\/index.php?rest_route=\/wp\/v2\/types\/page"}],"author":[{"embeddable":true,"href":"https:\/\/francisdelariviere.be\/index.php?rest_route=\/wp\/v2\/users\/1"}],"replies":[{"embeddable":true,"href":"https:\/\/francisdelariviere.be\/index.php?rest_route=%2Fwp%2Fv2%2Fcomments&post=25"}],"version-history":[{"count":0,"href":"https:\/\/francisdelariviere.be\/index.php?rest_route=\/wp\/v2\/pages\/25\/revisions"}],"wp:featuredmedia":[{"embeddable":true,"href":"https:\/\/francisdelariviere.be\/index.php?rest_route=\/wp\/v2\/media\/1336"}],"wp:attachment":[{"href":"https:\/\/francisdelariviere.be\/index.php?rest_route=%2Fwp%2Fv2%2Fmedia&parent=25"}],"curies":[{"name":"wp","href":"https:\/\/api.w.org\/{rel}","templated":true}]}}