{"id":219,"date":"2012-11-21T14:16:12","date_gmt":"2012-11-21T13:16:12","guid":{"rendered":"http:\/\/francisdelariviere.be\/?page_id=219"},"modified":"2012-11-21T14:16:12","modified_gmt":"2012-11-21T13:16:12","slug":"peinture-moderne","status":"publish","type":"page","link":"https:\/\/francisdelariviere.be\/?page_id=219","title":{"rendered":"Peinture"},"content":{"rendered":"<p>Dans cette rubrique, vous pourrez d\u00e9couvrir des peintures que j\u2019ai r\u00e9alis\u00e9es avec la m\u00e9thode dite \u00ab\u00a0\u00e0 l\u2019ancienne\u00a0\u00bb\u2026 Les peintures copi\u00e9es, datent effectivement du 17\u00e8me et 18\u00e8me si\u00e8cle. Le plus souvent ce sont des bouquets de fleurs qui sont repr\u00e9sent\u00e9s. Cette technique permet une qualit\u00e9 exceptionnelle.<\/p>\n<p>En plus des copies, je propose \u00e9galement des portraits trait\u00e9s soit de mani\u00e8re tout-\u00e0-fait moderne, ou \u00ab\u00a0\u00e0 l\u2019ancienne\u00a0\u00bb, et \u00e9galement des ic\u00f4nes-portraits de Saints de notre Eglise catholique.<\/p>\n<p>On entend par peinture moderne, une technique plus simple, faite sur base d\u2019acrylique, de peinture \u00e0 l\u2019huile m\u00e9lang\u00e9e avec un \u00ab\u00a0m\u00e9dium\u00a0\u00bb existant dans le commerce\u2026<\/p>\n<p><a href=\"http:\/\/francisdelariviere.be\/wp-content\/uploads\/2013\/01\/francis-blog.jpg\"><img loading=\"lazy\" class=\"aligncenter size-full wp-image-1329\" title=\"Galerie Francis\" src=\"http:\/\/francisdelariviere.be\/wp-content\/uploads\/2013\/01\/francis-blog.jpg\" alt=\"\" width=\"558\" height=\"373\" srcset=\"https:\/\/francisdelariviere.be\/wp-content\/uploads\/2013\/01\/francis-blog.jpg 930w, https:\/\/francisdelariviere.be\/wp-content\/uploads\/2013\/01\/francis-blog-300x200.jpg 300w, https:\/\/francisdelariviere.be\/wp-content\/uploads\/2013\/01\/francis-blog-449x300.jpg 449w\" sizes=\"(max-width: 558px) 100vw, 558px\" \/><\/a><\/p>\n<p>&nbsp;<\/p>\n","protected":false},"excerpt":{"rendered":"<p>Dans cette rubrique, vous pourrez d\u00e9couvrir des peintures que j\u2019ai r\u00e9alis\u00e9es avec la m\u00e9thode dite \u00ab\u00a0\u00e0 l\u2019ancienne\u00a0\u00bb\u2026 Les peintures copi\u00e9es, datent effectivement du 17\u00e8me et 18\u00e8me si\u00e8cle. Le plus souvent ce sont des bouquets de fleurs qui sont repr\u00e9sent\u00e9s. Cette technique permet une qualit\u00e9 exceptionnelle. En plus des copies, je propose \u00e9galement des portraits trait\u00e9s [&hellip;]<\/p>\n","protected":false},"author":1,"featured_media":1329,"parent":0,"menu_order":0,"comment_status":"closed","ping_status":"closed","template":"","meta":[],"_links":{"self":[{"href":"https:\/\/francisdelariviere.be\/index.php?rest_route=\/wp\/v2\/pages\/219"}],"collection":[{"href":"https:\/\/francisdelariviere.be\/index.php?rest_route=\/wp\/v2\/pages"}],"about":[{"href":"https:\/\/francisdelariviere.be\/index.php?rest_route=\/wp\/v2\/types\/page"}],"author":[{"embeddable":true,"href":"https:\/\/francisdelariviere.be\/index.php?rest_route=\/wp\/v2\/users\/1"}],"replies":[{"embeddable":true,"href":"https:\/\/francisdelariviere.be\/index.php?rest_route=%2Fwp%2Fv2%2Fcomments&post=219"}],"version-history":[{"count":0,"href":"https:\/\/francisdelariviere.be\/index.php?rest_route=\/wp\/v2\/pages\/219\/revisions"}],"wp:featuredmedia":[{"embeddable":true,"href":"https:\/\/francisdelariviere.be\/index.php?rest_route=\/wp\/v2\/media\/1329"}],"wp:attachment":[{"href":"https:\/\/francisdelariviere.be\/index.php?rest_route=%2Fwp%2Fv2%2Fmedia&parent=219"}],"curies":[{"name":"wp","href":"https:\/\/api.w.org\/{rel}","templated":true}]}}