{"id":15,"date":"2012-10-29T15:19:43","date_gmt":"2012-10-29T14:19:43","guid":{"rendered":"http:\/\/francisdelariviere.be\/?page_id=15"},"modified":"2012-10-29T15:19:43","modified_gmt":"2012-10-29T14:19:43","slug":"a-propos-de-moi","status":"publish","type":"page","link":"https:\/\/francisdelariviere.be\/?page_id=15","title":{"rendered":"Accueil"},"content":{"rendered":"<p>R\u00e9gent en Arts Plastiques dipl\u00f4m\u00e9 de l\u2019Ecole Normale Charles Buls et Acad\u00e9mie des Beaux-Arts de Bruxelles.<\/p>\n<p>Illustrateur de la collection \u00ab\u00a0Biocosmos\u00a0\u00bb constitu\u00e9e de peintures \u00e0 l\u2019huile de grandes tailles et de tr\u00e8s nombreuses acryliques sur carton (a\u00e9rographe)<\/p>\n<p>Iconographe \u00e0 l\u2019 atelier du \u00ab\u00a0Prieur\u00e9 d\u2019Herchies\u00a0\u00bb et \u00e0 l\u2019Atelier \u00ab\u00a0Saint S\u00e9raphim de Sarov\u00a0\u00bb \u00e0 l\u2019Ev\u00each\u00e9 de Li\u00e8ge.<\/p>\n<p>Je donne actuellement un cours d\u2019iconographie \u00e0 Frasnes-lez-Anvaing \u00e0 l\u2019 \u00ab\u00a0Espace A. Marescaux\u00a0\u00bb.<\/p>\n<p>Bonne visite.<\/p>\n<p>&nbsp;<\/p>\n","protected":false},"excerpt":{"rendered":"<p>R\u00e9gent en Arts Plastiques dipl\u00f4m\u00e9 de l\u2019Ecole Normale Charles Buls et Acad\u00e9mie des Beaux-Arts de Bruxelles. Illustrateur de la collection \u00ab\u00a0Biocosmos\u00a0\u00bb constitu\u00e9e de peintures \u00e0 l\u2019huile de grandes tailles et de tr\u00e8s nombreuses acryliques sur carton (a\u00e9rographe) Iconographe \u00e0 l\u2019 atelier du \u00ab\u00a0Prieur\u00e9 d\u2019Herchies\u00a0\u00bb et \u00e0 l\u2019Atelier \u00ab\u00a0Saint S\u00e9raphim de Sarov\u00a0\u00bb \u00e0 l\u2019Ev\u00each\u00e9 de Li\u00e8ge. [&hellip;]<\/p>\n","protected":false},"author":1,"featured_media":0,"parent":0,"menu_order":0,"comment_status":"open","ping_status":"open","template":"","meta":[],"_links":{"self":[{"href":"https:\/\/francisdelariviere.be\/index.php?rest_route=\/wp\/v2\/pages\/15"}],"collection":[{"href":"https:\/\/francisdelariviere.be\/index.php?rest_route=\/wp\/v2\/pages"}],"about":[{"href":"https:\/\/francisdelariviere.be\/index.php?rest_route=\/wp\/v2\/types\/page"}],"author":[{"embeddable":true,"href":"https:\/\/francisdelariviere.be\/index.php?rest_route=\/wp\/v2\/users\/1"}],"replies":[{"embeddable":true,"href":"https:\/\/francisdelariviere.be\/index.php?rest_route=%2Fwp%2Fv2%2Fcomments&post=15"}],"version-history":[{"count":0,"href":"https:\/\/francisdelariviere.be\/index.php?rest_route=\/wp\/v2\/pages\/15\/revisions"}],"wp:attachment":[{"href":"https:\/\/francisdelariviere.be\/index.php?rest_route=%2Fwp%2Fv2%2Fmedia&parent=15"}],"curies":[{"name":"wp","href":"https:\/\/api.w.org\/{rel}","templated":true}]}}